{"id":2828,"date":"2021-09-30T23:21:44","date_gmt":"2021-09-30T23:21:44","guid":{"rendered":"http:\/\/ensrural.lasalle.edu.co\/?page_id=2828"},"modified":"2021-12-18T16:13:22","modified_gmt":"2021-12-18T16:13:22","slug":"eje-procesual","status":"publish","type":"page","link":"https:\/\/ensrural.lasalle.edu.co\/memorias\/eje-procesual\/","title":{"rendered":"Eje procesual"},"content":{"rendered":"\t\t<div data-elementor-type=\"wp-page\" data-elementor-id=\"2828\" class=\"elementor elementor-2828\" data-elementor-settings=\"[]\">\n\t\t\t\t\t\t<div class=\"elementor-inner\">\n\t\t\t\t\t\t\t<div class=\"elementor-section-wrap\">\n\t\t\t\t\t\t\t<section class=\"elementor-section elementor-top-section elementor-element elementor-element-0422b0e elementor-section-full_width animated-slow elementor-section-height-default elementor-section-height-default elementor-invisible\" data-id=\"0422b0e\" data-element_type=\"section\" data-settings=\"{&quot;background_background&quot;:&quot;classic&quot;,&quot;animation&quot;:&quot;fadeInRight&quot;}\">\n\t\t\t\t\t\t\t<div class=\"elementor-background-overlay\"><\/div>\n\t\t\t\t\t\t\t<div class=\"elementor-container elementor-column-gap-default\">\n\t\t\t\t\t\t\t<div class=\"elementor-row\">\n\t\t\t\t\t<div class=\"elementor-column elementor-col-100 elementor-top-column elementor-element elementor-element-8eeb5b6\" data-id=\"8eeb5b6\" data-element_type=\"column\" data-settings=\"{&quot;background_background&quot;:&quot;classic&quot;}\">\n\t\t\t<div class=\"elementor-column-wrap elementor-element-populated\">\n\t\t\t\t\t\t\t<div class=\"elementor-widget-wrap\">\n\t\t\t\t\t\t<section class=\"elementor-section elementor-inner-section elementor-element elementor-element-786f15e elementor-section-height-min-height elementor-section-content-top elementor-section-boxed elementor-section-height-default\" data-id=\"786f15e\" data-element_type=\"section\">\n\t\t\t\t\t\t<div class=\"elementor-container elementor-column-gap-no\">\n\t\t\t\t\t\t\t<div class=\"elementor-row\">\n\t\t\t\t\t<div class=\"elementor-column elementor-col-50 elementor-inner-column elementor-element elementor-element-45f2f96 elementor-invisible\" data-id=\"45f2f96\" data-element_type=\"column\" data-settings=\"{&quot;background_background&quot;:&quot;classic&quot;,&quot;motion_fx_motion_fx_scrolling&quot;:&quot;yes&quot;,&quot;animation&quot;:&quot;fadeIn&quot;,&quot;motion_fx_devices&quot;:[&quot;desktop&quot;,&quot;tablet&quot;,&quot;mobile&quot;]}\">\n\t\t\t<div class=\"elementor-column-wrap elementor-element-populated\">\n\t\t\t\t\t<div class=\"elementor-background-overlay\"><\/div>\n\t\t\t\t\t\t\t<div class=\"elementor-widget-wrap\">\n\t\t\t\t\t\t<div class=\"elementor-element elementor-element-ceab0de animated-slow elementor-invisible elementor-widget elementor-widget-heading\" data-id=\"ceab0de\" data-element_type=\"widget\" data-settings=\"{&quot;_animation&quot;:&quot;fadeInLeft&quot;,&quot;_animation_delay&quot;:800}\" data-widget_type=\"heading.default\">\n\t\t\t\t<div class=\"elementor-widget-container\">\n\t\t\t<h1 class=\"elementor-heading-title elementor-size-default\">Eje Procesual<\/h1>\t\t<\/div>\n\t\t\t\t<\/div>\n\t\t\t\t\t\t<\/div>\n\t\t\t\t\t<\/div>\n\t\t<\/div>\n\t\t\t\t<div class=\"elementor-column elementor-col-50 elementor-inner-column elementor-element elementor-element-a7c7645\" data-id=\"a7c7645\" data-element_type=\"column\" data-settings=\"{&quot;background_background&quot;:&quot;classic&quot;,&quot;motion_fx_motion_fx_mouse&quot;:&quot;yes&quot;}\">\n\t\t\t<div class=\"elementor-column-wrap elementor-element-populated\">\n\t\t\t\t\t<div class=\"elementor-background-overlay\"><\/div>\n\t\t\t\t\t\t\t<div class=\"elementor-widget-wrap\">\n\t\t\t\t\t\t<div class=\"elementor-element elementor-element-d318137 elementor-widget elementor-widget-spacer\" data-id=\"d318137\" data-element_type=\"widget\" data-widget_type=\"spacer.default\">\n\t\t\t\t<div class=\"elementor-widget-container\">\n\t\t\t\t\t<div class=\"elementor-spacer\">\n\t\t\t<div class=\"elementor-spacer-inner\"><\/div>\n\t\t<\/div>\n\t\t\t\t<\/div>\n\t\t\t\t<\/div>\n\t\t\t\t<div class=\"elementor-element elementor-element-a72e09a elementor-widget elementor-widget-text-editor\" data-id=\"a72e09a\" data-element_type=\"widget\" data-widget_type=\"text-editor.default\">\n\t\t\t\t<div class=\"elementor-widget-container\">\n\t\t\t\t\t\t\t\t<div class=\"elementor-text-editor elementor-clearfix\">\n\t\t\t\t<p>El desarrollo de las unidades de aprendizaje se centran en las pr\u00e1cticas y experiencias<br \/>educativas y profesionales desde la mirada directiva, docente y de formaci\u00f3n docente con<br \/>el prop\u00f3sito de fortalecer herramientas conceptuales y metodol\u00f3gicas, para la gesti\u00f3n de<br \/>los ejes misionales de las instituciones educativas, en un dialogo articulado con la<br \/>evaluaci\u00f3n, investigaci\u00f3n, formaci\u00f3n y la extensi\u00f3n.<\/p>\t\t\t\t\t<\/div>\n\t\t\t\t\t\t<\/div>\n\t\t\t\t<\/div>\n\t\t\t\t\t\t<\/div>\n\t\t\t\t\t<\/div>\n\t\t<\/div>\n\t\t\t\t\t\t\t\t<\/div>\n\t\t\t\t\t<\/div>\n\t\t<\/section>\n\t\t\t\t\t\t<\/div>\n\t\t\t\t\t<\/div>\n\t\t<\/div>\n\t\t\t\t\t\t\t\t<\/div>\n\t\t\t\t\t<\/div>\n\t\t<\/section>\n\t\t\t\t<section class=\"elementor-section elementor-top-section elementor-element elementor-element-0f3192d elementor-section-full_width elementor-section-height-default elementor-section-height-default\" data-id=\"0f3192d\" data-element_type=\"section\">\n\t\t\t\t\t\t<div class=\"elementor-container elementor-column-gap-default\">\n\t\t\t\t\t\t\t<div class=\"elementor-row\">\n\t\t\t\t\t<div class=\"elementor-column elementor-col-33 elementor-top-column elementor-element elementor-element-ecb2e3c\" data-id=\"ecb2e3c\" data-element_type=\"column\">\n\t\t\t<div class=\"elementor-column-wrap\">\n\t\t\t\t\t\t\t<div class=\"elementor-widget-wrap\">\n\t\t\t\t\t\t\t\t<\/div>\n\t\t\t\t\t<\/div>\n\t\t<\/div>\n\t\t\t\t<div class=\"elementor-column elementor-col-33 elementor-top-column elementor-element elementor-element-c2cc297\" data-id=\"c2cc297\" data-element_type=\"column\">\n\t\t\t<div class=\"elementor-column-wrap elementor-element-populated\">\n\t\t\t\t\t\t\t<div class=\"elementor-widget-wrap\">\n\t\t\t\t\t\t<div class=\"elementor-element elementor-element-5c5efe3 elementor-aspect-ratio-169 elementor-widget elementor-widget-video\" data-id=\"5c5efe3\" data-element_type=\"widget\" data-settings=\"{&quot;youtube_url&quot;:&quot;https:\\\/\\\/youtu.be\\\/xKw_YfCV9GE&quot;,&quot;video_type&quot;:&quot;youtube&quot;,&quot;controls&quot;:&quot;yes&quot;,&quot;aspect_ratio&quot;:&quot;169&quot;}\" data-widget_type=\"video.default\">\n\t\t\t\t<div class=\"elementor-widget-container\">\n\t\t\t\t\t<div class=\"elementor-wrapper elementor-fit-aspect-ratio elementor-open-inline\">\n\t\t\t<div class=\"elementor-video\"><\/div>\t\t<\/div>\n\t\t\t\t<\/div>\n\t\t\t\t<\/div>\n\t\t\t\t\t\t<\/div>\n\t\t\t\t\t<\/div>\n\t\t<\/div>\n\t\t\t\t<div class=\"elementor-column elementor-col-33 elementor-top-column elementor-element elementor-element-87ebc39\" data-id=\"87ebc39\" data-element_type=\"column\">\n\t\t\t<div class=\"elementor-column-wrap\">\n\t\t\t\t\t\t\t<div class=\"elementor-widget-wrap\">\n\t\t\t\t\t\t\t\t<\/div>\n\t\t\t\t\t<\/div>\n\t\t<\/div>\n\t\t\t\t\t\t\t\t<\/div>\n\t\t\t\t\t<\/div>\n\t\t<\/section>\n\t\t\t\t<section class=\"elementor-section elementor-top-section elementor-element elementor-element-fe31b4a elementor-section-stretched elementor-section-boxed elementor-section-height-default elementor-section-height-default\" data-id=\"fe31b4a\" data-element_type=\"section\" data-settings=\"{&quot;stretch_section&quot;:&quot;section-stretched&quot;}\">\n\t\t\t\t\t\t<div class=\"elementor-container elementor-column-gap-default\">\n\t\t\t\t\t\t\t<div class=\"elementor-row\">\n\t\t\t\t\t<div class=\"elementor-column elementor-col-100 elementor-top-column elementor-element elementor-element-0f78ba6\" data-id=\"0f78ba6\" data-element_type=\"column\">\n\t\t\t<div class=\"elementor-column-wrap elementor-element-populated\">\n\t\t\t\t\t\t\t<div class=\"elementor-widget-wrap\">\n\t\t\t\t\t\t<section class=\"elementor-section elementor-inner-section elementor-element elementor-element-f5db7e0 elementor-section-full_width elementor-section-height-default elementor-section-height-default\" data-id=\"f5db7e0\" data-element_type=\"section\">\n\t\t\t\t\t\t<div class=\"elementor-container elementor-column-gap-no\">\n\t\t\t\t\t\t\t<div class=\"elementor-row\">\n\t\t\t\t\t<div class=\"elementor-column elementor-col-25 elementor-inner-column elementor-element elementor-element-bc007d8 elementor-invisible\" data-id=\"bc007d8\" data-element_type=\"column\" data-settings=\"{&quot;animation&quot;:&quot;fadeInRight&quot;,&quot;background_background&quot;:&quot;classic&quot;}\">\n\t\t\t<div class=\"elementor-column-wrap elementor-element-populated\">\n\t\t\t\t\t\t\t<div class=\"elementor-widget-wrap\">\n\t\t\t\t\t\t<div class=\"elementor-element elementor-element-7c329d0 elementor-widget elementor-widget-audio\" data-id=\"7c329d0\" data-element_type=\"widget\" data-widget_type=\"audio.default\">\n\t\t\t\t<div class=\"elementor-widget-container\">\n\t\t\t\t\t\t<div class=\"elementor-soundcloud-wrapper\">\n\t\t\t\t<iframe loading=\"lazy\" width=\"1050\" height=\"400\" frameborder=\"no\" src=\"https:\/\/w.soundcloud.com\/player\/?visual=true&#038;url=https%3A%2F%2Fapi.soundcloud.com%2Ftracks%2F1156603825&#038;show_artwork=false&#038;maxheight=1000&#038;maxwidth=1050&#038;auto_play=false&#038;buying=false&#038;liking=true&#038;download=true&#038;sharing=true&#038;show_comments=true&#038;show_playcount=true&#038;show_user=true&#038;color\"><\/iframe>\t\t\t<\/div>\n\t\t\t\t\t<\/div>\n\t\t\t\t<\/div>\n\t\t\t\t<div class=\"elementor-element elementor-element-8927249 eael-infobox-content-align-center elementor-widget elementor-widget-eael-info-box\" data-id=\"8927249\" data-element_type=\"widget\" id=\"m\" data-widget_type=\"eael-info-box.default\">\n\t\t\t\t<div class=\"elementor-widget-container\">\n\t\t\t        <a href=\"#\"  >            <div class=\"eael-infobox\">\n                    <div class=\"infobox-content\">\n                            <h4 class=\"title\">Promoci\u00f3n podcast Estrategia de Acompa\u00f1amiento a ENS<\/h4>\n                                                                        <p><div id=\"m\" class=\"contenido-ocultar\">Durante esta serie de podcast escucharemos las distintas voces de los maestros, que participaron en este proceso; sus experiencias, an\u00e9cdotas e intervenciones sobre los distintos ejes procesuales abordados como lo son : Evaluaci\u00f3n, Extensi\u00f3n, Investigaci\u00f3n, Formaci\u00f3n y Primera infancia.<\/div><\/p>\n                                                                            <\/div>\n    <\/div><\/a>\t\t<\/div>\n\t\t\t\t<\/div>\n\t\t\t\t<div class=\"elementor-element elementor-element-6957453 elementor-widget elementor-widget-html\" data-id=\"6957453\" data-element_type=\"widget\" data-widget_type=\"html.default\">\n\t\t\t\t<div class=\"elementor-widget-container\">\n\t\t\t<script>\r\nvar contenidos = document.querySelectorAll('.contenido-ocultar');\r\n\r\ncontenidos.forEach((contenido) => {\r\n\t\/\/ Get the button that opens the contenido\r\n\tvar btn = document.querySelector(`.btn-cultar#${contenido.id}`);\r\n\r\n\tbtn.querySelector(`a`).removeAttribute('href');\r\n\tconsole.log(btn);\r\n\r\n\t\/\/ When the user clicks the button, open the contenido\r\n\tbtn.onclick = function () {\r\n\t\tif (contenido.style.display == 'unset') {\r\n\t\t\tcontenido.style.display = 'none';\r\n\t\t} else {\r\n\t\t\tcontenido.style.display = 'unset';\r\n\t\t}\r\n\t\tconsole.log(contenido.style);\r\n\r\n\t\tconsole.log(btn);\r\n\t};\r\n});\r\n\r\n<\/script>\t\t<\/div>\n\t\t\t\t<\/div>\n\t\t\t\t<div class=\"elementor-element elementor-element-669af90 elementor-align-center btn-cultar elementor-widget elementor-widget-button\" data-id=\"669af90\" data-element_type=\"widget\" id=\"m\" data-widget_type=\"button.default\">\n\t\t\t\t<div class=\"elementor-widget-container\">\n\t\t\t\t\t<div class=\"elementor-button-wrapper\">\n\t\t\t<a href=\"#\" class=\"elementor-button-link elementor-button elementor-size-sm\" role=\"button\" id=\"m\">\n\t\t\t\t\t\t<span class=\"elementor-button-content-wrapper\">\n\t\t\t\t\t\t<span class=\"elementor-button-text\">Ver m\u00e1s<\/span>\n\t\t<\/span>\n\t\t\t\t\t<\/a>\n\t\t<\/div>\n\t\t\t\t<\/div>\n\t\t\t\t<\/div>\n\t\t\t\t\t\t<\/div>\n\t\t\t\t\t<\/div>\n\t\t<\/div>\n\t\t\t\t<div class=\"elementor-column elementor-col-25 elementor-inner-column elementor-element elementor-element-6952192 elementor-invisible\" data-id=\"6952192\" data-element_type=\"column\" data-settings=\"{&quot;animation&quot;:&quot;fadeInRight&quot;,&quot;background_background&quot;:&quot;classic&quot;}\">\n\t\t\t<div class=\"elementor-column-wrap elementor-element-populated\">\n\t\t\t\t\t\t\t<div class=\"elementor-widget-wrap\">\n\t\t\t\t\t\t<div class=\"elementor-element elementor-element-59f4aa6 elementor-widget elementor-widget-audio\" data-id=\"59f4aa6\" data-element_type=\"widget\" data-widget_type=\"audio.default\">\n\t\t\t\t<div class=\"elementor-widget-container\">\n\t\t\t\t\t\t<div class=\"elementor-soundcloud-wrapper\">\n\t\t\t\t<iframe loading=\"lazy\" width=\"1050\" height=\"400\" frameborder=\"no\" src=\"https:\/\/w.soundcloud.com\/player\/?visual=true&#038;url=https%3A%2F%2Fapi.soundcloud.com%2Ftracks%2F1153484242&#038;show_artwork=false&#038;maxheight=1000&#038;maxwidth=1050&#038;auto_play=false&#038;buying=false&#038;liking=true&#038;download=true&#038;sharing=true&#038;show_comments=true&#038;show_playcount=true&#038;show_user=true&#038;color\"><\/iframe>\t\t\t<\/div>\n\t\t\t\t\t<\/div>\n\t\t\t\t<\/div>\n\t\t\t\t<div class=\"elementor-element elementor-element-76c7448 eael-infobox-content-align-center elementor-widget elementor-widget-eael-info-box\" data-id=\"76c7448\" data-element_type=\"widget\" data-widget_type=\"eael-info-box.default\">\n\t\t\t\t<div class=\"elementor-widget-container\">\n\t\t\t        <a href=\"#\"  >            <div class=\"eael-infobox\">\n                    <div class=\"infobox-content\">\n                            <h4 class=\"title\">Introducci\u00f3n Estrategia de acompa\u00f1amiento ENS<\/h4>\n                                                                        <p><div id=\"m\" class=\"contenido-ocultar\">Se hace la invitaci\u00f3n para escuchar los Podcast y su finalidad, a su vez se hace una peque\u00f1a contextualizaci\u00f3n de la labor de las Escuela Normales Superiores (ENS) del pa\u00eds y los Centros de Liderazgo y Excelencia en Educaci\u00f3n Rural (CLEER) a cargo del experto Guillermo Londo\u00f1o.<\/div><\/p>\n                                                                            <\/div>\n    <\/div><\/a>\t\t<\/div>\n\t\t\t\t<\/div>\n\t\t\t\t<div class=\"elementor-element elementor-element-3666923 elementor-widget elementor-widget-html\" data-id=\"3666923\" data-element_type=\"widget\" data-widget_type=\"html.default\">\n\t\t\t\t<div class=\"elementor-widget-container\">\n\t\t\t<script>\r\nvar contenidos = document.querySelectorAll('.contenido-ocultar');\r\n\r\ncontenidos.forEach((contenido) => {\r\n\t\/\/ Get the button that opens the contenido\r\n\tvar btn = document.querySelector(`.btn-cultar#${contenido.id}`);\r\n\r\n\tbtn.querySelector(`a`).removeAttribute('href');\r\n\tconsole.log(btn);\r\n\r\n\t\/\/ When the user clicks the button, open the contenido\r\n\tbtn.onclick = function () {\r\n\t\tif (contenido.style.display == 'unset') {\r\n\t\t\tcontenido.style.display = 'none';\r\n\t\t} else {\r\n\t\t\tcontenido.style.display = 'unset';\r\n\t\t}\r\n\t\tconsole.log(contenido.style);\r\n\r\n\t\tconsole.log(btn);\r\n\t};\r\n});\r\n\r\n<\/script>\t\t<\/div>\n\t\t\t\t<\/div>\n\t\t\t\t<div class=\"elementor-element elementor-element-1f8c18b elementor-align-center btn-cultar elementor-widget elementor-widget-button\" data-id=\"1f8c18b\" data-element_type=\"widget\" data-widget_type=\"button.default\">\n\t\t\t\t<div class=\"elementor-widget-container\">\n\t\t\t\t\t<div class=\"elementor-button-wrapper\">\n\t\t\t<a href=\"#\" class=\"elementor-button-link elementor-button elementor-size-sm\" role=\"button\" id=\"m\">\n\t\t\t\t\t\t<span class=\"elementor-button-content-wrapper\">\n\t\t\t\t\t\t<span class=\"elementor-button-text\">Ver m\u00e1s<\/span>\n\t\t<\/span>\n\t\t\t\t\t<\/a>\n\t\t<\/div>\n\t\t\t\t<\/div>\n\t\t\t\t<\/div>\n\t\t\t\t\t\t<\/div>\n\t\t\t\t\t<\/div>\n\t\t<\/div>\n\t\t\t\t<div class=\"elementor-column elementor-col-25 elementor-inner-column elementor-element elementor-element-0b6b1e4 elementor-invisible\" data-id=\"0b6b1e4\" data-element_type=\"column\" data-settings=\"{&quot;animation&quot;:&quot;fadeInRight&quot;,&quot;background_background&quot;:&quot;classic&quot;}\">\n\t\t\t<div class=\"elementor-column-wrap elementor-element-populated\">\n\t\t\t\t\t\t\t<div class=\"elementor-widget-wrap\">\n\t\t\t\t\t\t<div class=\"elementor-element elementor-element-787c632 elementor-widget elementor-widget-audio\" data-id=\"787c632\" data-element_type=\"widget\" data-widget_type=\"audio.default\">\n\t\t\t\t<div class=\"elementor-widget-container\">\n\t\t\t\t\t\t<div class=\"elementor-soundcloud-wrapper\">\n\t\t\t\t<iframe loading=\"lazy\" width=\"1050\" height=\"400\" frameborder=\"no\" src=\"https:\/\/w.soundcloud.com\/player\/?visual=true&#038;url=https%3A%2F%2Fapi.soundcloud.com%2Ftracks%2F1153466575&#038;show_artwork=false&#038;maxheight=1000&#038;maxwidth=1050&#038;auto_play=false&#038;buying=false&#038;liking=true&#038;download=true&#038;sharing=true&#038;show_comments=true&#038;show_playcount=true&#038;show_user=true&#038;color\"><\/iframe>\t\t\t<\/div>\n\t\t\t\t\t<\/div>\n\t\t\t\t<\/div>\n\t\t\t\t<div class=\"elementor-element elementor-element-f0936b0 eael-infobox-content-align-center elementor-widget elementor-widget-eael-info-box\" data-id=\"f0936b0\" data-element_type=\"widget\" data-widget_type=\"eael-info-box.default\">\n\t\t\t\t<div class=\"elementor-widget-container\">\n\t\t\t        <a href=\"#\"  >            <div class=\"eael-infobox\">\n                    <div class=\"infobox-content\">\n                            <h4 class=\"title\">Primera Infancia. ENS Leonor \u00c1lvarez Pinz\u00f3n<\/h4>\n                                                                        <p><div id=\"k\" class=\"contenido-ocultar\">El p\u00f3dcast inicia con una introducci\u00f3n sobre la Primera Infancia. Posteriormente, se presenta la intervenci\u00f3n de la docente Nora Sanabria Gonz\u00e1lez, que pertenece al equipo docente de la ENS Leonor \u00c1lvarez Pinz\u00f3n de Tunja. En este espacio se hacen una serie de preguntas referentes a la Primera Infancia. La docente hace su presentaci\u00f3n y posteriormente comenta la importancia del trabajo que se desarrolla en la Instituci\u00f3n con ni\u00f1os desde los 3 a\u00f1os de edad, resaltando las fortalezas que se tienen en todos los procesos formativos y el trabajo que desarrollan los estudiantes del PFC.<\/div><\/p>\n                                                                            <\/div>\n    <\/div><\/a>\t\t<\/div>\n\t\t\t\t<\/div>\n\t\t\t\t<div class=\"elementor-element elementor-element-ebc664c elementor-widget elementor-widget-html\" data-id=\"ebc664c\" data-element_type=\"widget\" data-widget_type=\"html.default\">\n\t\t\t\t<div class=\"elementor-widget-container\">\n\t\t\t<script>\r\nvar contenidos = document.querySelectorAll('.contenido-ocultar');\r\n\r\ncontenidos.forEach((contenido) => {\r\n\t\/\/ Get the button that opens the contenido\r\n\tvar btn = document.querySelector(`.btn-cultar#${contenido.id}`);\r\n\r\n\tbtn.querySelector(`a`).removeAttribute('href');\r\n\tconsole.log(btn);\r\n\r\n\t\/\/ When the user clicks the button, open the contenido\r\n\tbtn.onclick = function () {\r\n\t\tif (contenido.style.display == 'unset') {\r\n\t\t\tcontenido.style.display = 'none';\r\n\t\t} else {\r\n\t\t\tcontenido.style.display = 'unset';\r\n\t\t}\r\n\t\tconsole.log(contenido.style);\r\n\r\n\t\tconsole.log(btn);\r\n\t};\r\n});\r\n\r\n<\/script>\t\t<\/div>\n\t\t\t\t<\/div>\n\t\t\t\t<div class=\"elementor-element elementor-element-f5e5ddd elementor-align-center btn-cultar elementor-widget elementor-widget-button\" data-id=\"f5e5ddd\" data-element_type=\"widget\" data-widget_type=\"button.default\">\n\t\t\t\t<div class=\"elementor-widget-container\">\n\t\t\t\t\t<div class=\"elementor-button-wrapper\">\n\t\t\t<a href=\"#\" class=\"elementor-button-link elementor-button elementor-size-sm\" role=\"button\" id=\"ocho\">\n\t\t\t\t\t\t<span class=\"elementor-button-content-wrapper\">\n\t\t\t\t\t\t<span class=\"elementor-button-text\">Ver m\u00e1s<\/span>\n\t\t<\/span>\n\t\t\t\t\t<\/a>\n\t\t<\/div>\n\t\t\t\t<\/div>\n\t\t\t\t<\/div>\n\t\t\t\t\t\t<\/div>\n\t\t\t\t\t<\/div>\n\t\t<\/div>\n\t\t\t\t<div class=\"elementor-column elementor-col-25 elementor-inner-column elementor-element elementor-element-b35031c elementor-invisible\" data-id=\"b35031c\" data-element_type=\"column\" data-settings=\"{&quot;animation&quot;:&quot;fadeInRight&quot;,&quot;background_background&quot;:&quot;classic&quot;}\">\n\t\t\t<div class=\"elementor-column-wrap elementor-element-populated\">\n\t\t\t\t\t\t\t<div class=\"elementor-widget-wrap\">\n\t\t\t\t\t\t<div class=\"elementor-element elementor-element-f7756a2 elementor-widget elementor-widget-audio\" data-id=\"f7756a2\" data-element_type=\"widget\" data-widget_type=\"audio.default\">\n\t\t\t\t<div class=\"elementor-widget-container\">\n\t\t\t\t\t\t<div class=\"elementor-soundcloud-wrapper\">\n\t\t\t\t<iframe loading=\"lazy\" width=\"1050\" height=\"400\" frameborder=\"no\" src=\"https:\/\/w.soundcloud.com\/player\/?visual=true&#038;url=https%3A%2F%2Fapi.soundcloud.com%2Ftracks%2F1153455217&#038;show_artwork=false&#038;maxheight=1000&#038;maxwidth=1050&#038;auto_play=false&#038;buying=false&#038;liking=true&#038;download=true&#038;sharing=true&#038;show_comments=true&#038;show_playcount=true&#038;show_user=true&#038;color\"><\/iframe>\t\t\t<\/div>\n\t\t\t\t\t<\/div>\n\t\t\t\t<\/div>\n\t\t\t\t<div class=\"elementor-element elementor-element-0d17f09 eael-infobox-content-align-center elementor-widget elementor-widget-eael-info-box\" data-id=\"0d17f09\" data-element_type=\"widget\" data-widget_type=\"eael-info-box.default\">\n\t\t\t\t<div class=\"elementor-widget-container\">\n\t\t\t        <a href=\"#\"  >            <div class=\"eael-infobox\">\n                    <div class=\"infobox-content\">\n                            <h4 class=\"title\">Primera Infancia. ENS Mar\u00eda Auxiliadora de Copacabana<\/h4>\n                                                                        <p><div id=\"j\" class=\"contenido-ocultar\">El p\u00f3dcast se desarrolla con la intervenci\u00f3n de la docente Sor Viviana Herrera Vaquero, que pertenece al equipo docente de la ENS Mar\u00eda Auxiliadora de Copacabana. En este espacio se hacen una serie de preguntas referentes a la Primera Infancia. La docente hace su presentaci\u00f3n y posteriormente comenta la importancia del trabajo en Educaci\u00f3n inicial. As\u00ed mismo, va dando cuenta de la articulaci\u00f3n con los Ejes de Evaluaci\u00f3n e Investigaci\u00f3n. Tambi\u00e9n, da cuenta del trabajo desarrollado en la Instituci\u00f3n y la participaci\u00f3n de los estudiantes a trav\u00e9s de las pr\u00e1cticas pedag\u00f3gicas como futuros normalistas.<\/div><\/p>\n                                                                            <\/div>\n    <\/div><\/a>\t\t<\/div>\n\t\t\t\t<\/div>\n\t\t\t\t<div class=\"elementor-element elementor-element-cd65dc6 elementor-align-center btn-cultar elementor-widget elementor-widget-button\" data-id=\"cd65dc6\" data-element_type=\"widget\" data-widget_type=\"button.default\">\n\t\t\t\t<div class=\"elementor-widget-container\">\n\t\t\t\t\t<div class=\"elementor-button-wrapper\">\n\t\t\t<a href=\"#\" class=\"elementor-button-link elementor-button elementor-size-sm\" role=\"button\" id=\"ocho\">\n\t\t\t\t\t\t<span class=\"elementor-button-content-wrapper\">\n\t\t\t\t\t\t<span class=\"elementor-button-text\">Ver m\u00e1s<\/span>\n\t\t<\/span>\n\t\t\t\t\t<\/a>\n\t\t<\/div>\n\t\t\t\t<\/div>\n\t\t\t\t<\/div>\n\t\t\t\t<div class=\"elementor-element elementor-element-e52f784 elementor-widget elementor-widget-html\" data-id=\"e52f784\" data-element_type=\"widget\" data-widget_type=\"html.default\">\n\t\t\t\t<div class=\"elementor-widget-container\">\n\t\t\t<script>\r\nvar contenidos = document.querySelectorAll('.contenido-ocultar');\r\n\r\ncontenidos.forEach((contenido) => {\r\n\t\/\/ Get the button that opens the contenido\r\n\tvar btn = document.querySelector(`.btn-cultar#${contenido.id}`);\r\n\r\n\tbtn.querySelector(`a`).removeAttribute('href');\r\n\tconsole.log(btn);\r\n\r\n\t\/\/ When the user clicks the button, open the contenido\r\n\tbtn.onclick = function () {\r\n\t\tif (contenido.style.display == 'unset') {\r\n\t\t\tcontenido.style.display = 'none';\r\n\t\t} else {\r\n\t\t\tcontenido.style.display = 'unset';\r\n\t\t}\r\n\t\tconsole.log(contenido.style);\r\n\r\n\t\tconsole.log(btn);\r\n\t};\r\n});\r\n\r\n<\/script>\t\t<\/div>\n\t\t\t\t<\/div>\n\t\t\t\t\t\t<\/div>\n\t\t\t\t\t<\/div>\n\t\t<\/div>\n\t\t\t\t\t\t\t\t<\/div>\n\t\t\t\t\t<\/div>\n\t\t<\/section>\n\t\t\t\t\t\t<\/div>\n\t\t\t\t\t<\/div>\n\t\t<\/div>\n\t\t\t\t\t\t\t\t<\/div>\n\t\t\t\t\t<\/div>\n\t\t<\/section>\n\t\t\t\t\t\t<\/div>\n\t\t\t\t\t\t<\/div>\n\t\t\t\t\t<\/div>\n\t\t","protected":false},"excerpt":{"rendered":"<p>Eje Procesual El desarrollo de las unidades de aprendizaje se centran en las pr\u00e1cticas y experienciaseducativas y profesionales desde la mirada directiva, docente y de formaci\u00f3n docente conel prop\u00f3sito de fortalecer herramientas conceptuales y metodol\u00f3gicas, para la gesti\u00f3n delos ejes misionales de las instituciones educativas, en un dialogo articulado con laevaluaci\u00f3n, investigaci\u00f3n, formaci\u00f3n y la [&hellip;]<\/p>\n","protected":false},"author":1,"featured_media":0,"parent":0,"menu_order":0,"comment_status":"closed","ping_status":"closed","template":"elementor_header_footer","meta":{"_bbp_topic_count":0,"_bbp_reply_count":0,"_bbp_total_topic_count":0,"_bbp_total_reply_count":0,"_bbp_voice_count":0,"_bbp_anonymous_reply_count":0,"_bbp_topic_count_hidden":0,"_bbp_reply_count_hidden":0,"_bbp_forum_subforum_count":0},"_links":{"self":[{"href":"https:\/\/ensrural.lasalle.edu.co\/memorias\/wp-json\/wp\/v2\/pages\/2828"}],"collection":[{"href":"https:\/\/ensrural.lasalle.edu.co\/memorias\/wp-json\/wp\/v2\/pages"}],"about":[{"href":"https:\/\/ensrural.lasalle.edu.co\/memorias\/wp-json\/wp\/v2\/types\/page"}],"author":[{"embeddable":true,"href":"https:\/\/ensrural.lasalle.edu.co\/memorias\/wp-json\/wp\/v2\/users\/1"}],"replies":[{"embeddable":true,"href":"https:\/\/ensrural.lasalle.edu.co\/memorias\/wp-json\/wp\/v2\/comments?post=2828"}],"version-history":[{"count":75,"href":"https:\/\/ensrural.lasalle.edu.co\/memorias\/wp-json\/wp\/v2\/pages\/2828\/revisions"}],"predecessor-version":[{"id":4976,"href":"https:\/\/ensrural.lasalle.edu.co\/memorias\/wp-json\/wp\/v2\/pages\/2828\/revisions\/4976"}],"wp:attachment":[{"href":"https:\/\/ensrural.lasalle.edu.co\/memorias\/wp-json\/wp\/v2\/media?parent=2828"}],"curies":[{"name":"wp","href":"https:\/\/api.w.org\/{rel}","templated":true}]}}