{"id":4837,"date":"2021-12-13T23:32:22","date_gmt":"2021-12-13T23:32:22","guid":{"rendered":"http:\/\/ensrural.lasalle.edu.co\/?page_id=4837"},"modified":"2021-12-18T15:57:29","modified_gmt":"2021-12-18T15:57:29","slug":"evaluacion","status":"publish","type":"page","link":"https:\/\/ensrural.lasalle.edu.co\/memorias\/evaluacion\/","title":{"rendered":"Evaluaci\u00f3n"},"content":{"rendered":"\t\t<div data-elementor-type=\"wp-page\" data-elementor-id=\"4837\" class=\"elementor elementor-4837\" data-elementor-settings=\"[]\">\n\t\t\t\t\t\t<div class=\"elementor-inner\">\n\t\t\t\t\t\t\t<div class=\"elementor-section-wrap\">\n\t\t\t\t\t\t\t<section class=\"elementor-section elementor-top-section elementor-element elementor-element-3d335a6f elementor-section-full_width animated-slow elementor-section-height-default elementor-section-height-default elementor-invisible\" data-id=\"3d335a6f\" data-element_type=\"section\" data-settings=\"{&quot;background_background&quot;:&quot;classic&quot;,&quot;animation&quot;:&quot;fadeInRight&quot;}\">\n\t\t\t\t\t\t\t<div class=\"elementor-background-overlay\"><\/div>\n\t\t\t\t\t\t\t<div class=\"elementor-container elementor-column-gap-default\">\n\t\t\t\t\t\t\t<div class=\"elementor-row\">\n\t\t\t\t\t<div class=\"elementor-column elementor-col-100 elementor-top-column elementor-element elementor-element-77094048\" data-id=\"77094048\" data-element_type=\"column\" data-settings=\"{&quot;background_background&quot;:&quot;classic&quot;}\">\n\t\t\t<div class=\"elementor-column-wrap elementor-element-populated\">\n\t\t\t\t\t\t\t<div class=\"elementor-widget-wrap\">\n\t\t\t\t\t\t<section class=\"elementor-section elementor-inner-section elementor-element elementor-element-52464629 elementor-section-height-min-height elementor-section-content-top elementor-section-boxed elementor-section-height-default\" data-id=\"52464629\" data-element_type=\"section\">\n\t\t\t\t\t\t<div class=\"elementor-container elementor-column-gap-no\">\n\t\t\t\t\t\t\t<div class=\"elementor-row\">\n\t\t\t\t\t<div class=\"elementor-column elementor-col-50 elementor-inner-column elementor-element elementor-element-372a7484 elementor-invisible\" data-id=\"372a7484\" data-element_type=\"column\" data-settings=\"{&quot;background_background&quot;:&quot;classic&quot;,&quot;motion_fx_motion_fx_scrolling&quot;:&quot;yes&quot;,&quot;animation&quot;:&quot;fadeIn&quot;,&quot;motion_fx_devices&quot;:[&quot;desktop&quot;,&quot;tablet&quot;,&quot;mobile&quot;]}\">\n\t\t\t<div class=\"elementor-column-wrap elementor-element-populated\">\n\t\t\t\t\t<div class=\"elementor-background-overlay\"><\/div>\n\t\t\t\t\t\t\t<div class=\"elementor-widget-wrap\">\n\t\t\t\t\t\t<div class=\"elementor-element elementor-element-2b82a047 animated-slow elementor-invisible elementor-widget elementor-widget-heading\" data-id=\"2b82a047\" data-element_type=\"widget\" data-settings=\"{&quot;_animation&quot;:&quot;fadeInLeft&quot;,&quot;_animation_delay&quot;:800}\" data-widget_type=\"heading.default\">\n\t\t\t\t<div class=\"elementor-widget-container\">\n\t\t\t<h1 class=\"elementor-heading-title elementor-size-default\">Evaluaci\u00f3n<\/h1>\t\t<\/div>\n\t\t\t\t<\/div>\n\t\t\t\t\t\t<\/div>\n\t\t\t\t\t<\/div>\n\t\t<\/div>\n\t\t\t\t<div class=\"elementor-column elementor-col-50 elementor-inner-column elementor-element elementor-element-3717b86c\" data-id=\"3717b86c\" data-element_type=\"column\" data-settings=\"{&quot;background_background&quot;:&quot;classic&quot;,&quot;motion_fx_motion_fx_mouse&quot;:&quot;yes&quot;}\">\n\t\t\t<div class=\"elementor-column-wrap elementor-element-populated\">\n\t\t\t\t\t<div class=\"elementor-background-overlay\"><\/div>\n\t\t\t\t\t\t\t<div class=\"elementor-widget-wrap\">\n\t\t\t\t\t\t<div class=\"elementor-element elementor-element-661cdf90 elementor-widget elementor-widget-spacer\" data-id=\"661cdf90\" data-element_type=\"widget\" data-widget_type=\"spacer.default\">\n\t\t\t\t<div class=\"elementor-widget-container\">\n\t\t\t\t\t<div class=\"elementor-spacer\">\n\t\t\t<div class=\"elementor-spacer-inner\"><\/div>\n\t\t<\/div>\n\t\t\t\t<\/div>\n\t\t\t\t<\/div>\n\t\t\t\t<div class=\"elementor-element elementor-element-7a8020e0 elementor-widget elementor-widget-text-editor\" data-id=\"7a8020e0\" data-element_type=\"widget\" data-widget_type=\"text-editor.default\">\n\t\t\t\t<div class=\"elementor-widget-container\">\n\t\t\t\t\t\t\t\t<div class=\"elementor-text-editor elementor-clearfix\">\n\t\t\t\t\t\t\t\t\t<\/div>\n\t\t\t\t\t\t<\/div>\n\t\t\t\t<\/div>\n\t\t\t\t\t\t<\/div>\n\t\t\t\t\t<\/div>\n\t\t<\/div>\n\t\t\t\t\t\t\t\t<\/div>\n\t\t\t\t\t<\/div>\n\t\t<\/section>\n\t\t\t\t\t\t<\/div>\n\t\t\t\t\t<\/div>\n\t\t<\/div>\n\t\t\t\t\t\t\t\t<\/div>\n\t\t\t\t\t<\/div>\n\t\t<\/section>\n\t\t\t\t<section class=\"elementor-section elementor-top-section elementor-element elementor-element-2d75f76c elementor-section-stretched elementor-section-boxed elementor-section-height-default elementor-section-height-default\" data-id=\"2d75f76c\" data-element_type=\"section\" data-settings=\"{&quot;stretch_section&quot;:&quot;section-stretched&quot;}\">\n\t\t\t\t\t\t<div class=\"elementor-container elementor-column-gap-default\">\n\t\t\t\t\t\t\t<div class=\"elementor-row\">\n\t\t\t\t\t<div class=\"elementor-column elementor-col-100 elementor-top-column elementor-element elementor-element-30cb826e\" data-id=\"30cb826e\" data-element_type=\"column\">\n\t\t\t<div class=\"elementor-column-wrap elementor-element-populated\">\n\t\t\t\t\t\t\t<div class=\"elementor-widget-wrap\">\n\t\t\t\t\t\t<section class=\"elementor-section elementor-inner-section elementor-element elementor-element-4a7638f6 elementor-section-full_width elementor-section-height-default elementor-section-height-default\" data-id=\"4a7638f6\" data-element_type=\"section\">\n\t\t\t\t\t\t<div class=\"elementor-container elementor-column-gap-no\">\n\t\t\t\t\t\t\t<div class=\"elementor-row\">\n\t\t\t\t\t<div class=\"elementor-column elementor-col-25 elementor-inner-column elementor-element elementor-element-6b0fff2\" data-id=\"6b0fff2\" data-element_type=\"column\">\n\t\t\t<div class=\"elementor-column-wrap\">\n\t\t\t\t\t\t\t<div class=\"elementor-widget-wrap\">\n\t\t\t\t\t\t\t\t<\/div>\n\t\t\t\t\t<\/div>\n\t\t<\/div>\n\t\t\t\t<div class=\"elementor-column elementor-col-25 elementor-inner-column elementor-element elementor-element-860166d elementor-invisible\" data-id=\"860166d\" data-element_type=\"column\" data-settings=\"{&quot;animation&quot;:&quot;fadeInRight&quot;,&quot;background_background&quot;:&quot;classic&quot;}\">\n\t\t\t<div class=\"elementor-column-wrap elementor-element-populated\">\n\t\t\t\t\t\t\t<div class=\"elementor-widget-wrap\">\n\t\t\t\t\t\t<div class=\"elementor-element elementor-element-32852777 elementor-widget elementor-widget-audio\" data-id=\"32852777\" data-element_type=\"widget\" data-widget_type=\"audio.default\">\n\t\t\t\t<div class=\"elementor-widget-container\">\n\t\t\t\t\t\t<div class=\"elementor-soundcloud-wrapper\">\n\t\t\t\t<iframe loading=\"lazy\" width=\"1050\" height=\"400\" frameborder=\"no\" src=\"https:\/\/w.soundcloud.com\/player\/?visual=true&#038;url=https%3A%2F%2Fapi.soundcloud.com%2Ftracks%2F1153469110&#038;show_artwork=false&#038;maxheight=1000&#038;maxwidth=1050&#038;auto_play=false&#038;buying=false&#038;liking=true&#038;download=true&#038;sharing=true&#038;show_comments=true&#038;show_playcount=true&#038;show_user=true&#038;color\"><\/iframe>\t\t\t<\/div>\n\t\t\t\t\t<\/div>\n\t\t\t\t<\/div>\n\t\t\t\t<div class=\"elementor-element elementor-element-6f969021 eael-infobox-content-align-center elementor-widget elementor-widget-eael-info-box\" data-id=\"6f969021\" data-element_type=\"widget\" id=\"e\" data-widget_type=\"eael-info-box.default\">\n\t\t\t\t<div class=\"elementor-widget-container\">\n\t\t\t        <a href=\"#\"  >            <div class=\"eael-infobox\">\n                    <div class=\"infobox-content\">\n                            <h4 class=\"title\">Evaluaci\u00f3n ENS Distrital Mar\u00eda Montessori<\/h4>\n                                                                        <p><div id=\"e\" class=\"contenido-ocultar\">El Podcast inicia con una introducci\u00f3n sobre el Eje de Evaluaci\u00f3n, posteriormente se desarrolla con la intervenci\u00f3n de la docente Felisa Barreto Pinz\u00f3n perteneciente al equipo docente de la ENS Distrital Mar\u00eda Montessori, en este espacio se hacen una serie de preguntas referentes al Eje. La docente hace su presentaci\u00f3n y posteriormente comenta la relaci\u00f3n entre el PEI con el Eje de Evaluaci\u00f3n, as\u00ed mismo resalta la importancia del trabajo en el marco de este eje como proceso fundamental para la formaci\u00f3n, por tanto centra la atenci\u00f3n sobre los grandes retos que se tienen sobre el Eje de Evaluaci\u00f3n.<\/div><\/p>\n                                                                            <\/div>\n    <\/div><\/a>\t\t<\/div>\n\t\t\t\t<\/div>\n\t\t\t\t<div class=\"elementor-element elementor-element-7ad375bb elementor-widget elementor-widget-html\" data-id=\"7ad375bb\" data-element_type=\"widget\" data-widget_type=\"html.default\">\n\t\t\t\t<div class=\"elementor-widget-container\">\n\t\t\t<script>\r\nvar contenidos = document.querySelectorAll('.contenido-ocultar');\r\n\r\ncontenidos.forEach((contenido) => {\r\n\t\/\/ Get the button that opens the contenido\r\n\tvar btn = document.querySelector(`.btn-cultar#${contenido.id}`);\r\n\r\n\tbtn.querySelector(`a`).removeAttribute('href');\r\n\tconsole.log(btn);\r\n\r\n\t\/\/ When the user clicks the button, open the contenido\r\n\tbtn.onclick = function () {\r\n\t\tif (contenido.style.display == 'unset') {\r\n\t\t\tcontenido.style.display = 'none';\r\n\t\t} else {\r\n\t\t\tcontenido.style.display = 'unset';\r\n\t\t}\r\n\t\tconsole.log(contenido.style);\r\n\r\n\t\tconsole.log(btn);\r\n\t};\r\n});\r\n\r\n<\/script>\t\t<\/div>\n\t\t\t\t<\/div>\n\t\t\t\t<div class=\"elementor-element elementor-element-28d4be70 elementor-align-center btn-cultar elementor-widget elementor-widget-button\" data-id=\"28d4be70\" data-element_type=\"widget\" id=\"e\" data-widget_type=\"button.default\">\n\t\t\t\t<div class=\"elementor-widget-container\">\n\t\t\t\t\t<div class=\"elementor-button-wrapper\">\n\t\t\t<a href=\"#\" class=\"elementor-button-link elementor-button elementor-size-sm\" role=\"button\" id=\"nueve\">\n\t\t\t\t\t\t<span class=\"elementor-button-content-wrapper\">\n\t\t\t\t\t\t<span class=\"elementor-button-text\">Ver m\u00e1s<\/span>\n\t\t<\/span>\n\t\t\t\t\t<\/a>\n\t\t<\/div>\n\t\t\t\t<\/div>\n\t\t\t\t<\/div>\n\t\t\t\t\t\t<\/div>\n\t\t\t\t\t<\/div>\n\t\t<\/div>\n\t\t\t\t<div class=\"elementor-column elementor-col-25 elementor-inner-column elementor-element elementor-element-f7658df elementor-invisible\" data-id=\"f7658df\" data-element_type=\"column\" data-settings=\"{&quot;animation&quot;:&quot;fadeInRight&quot;,&quot;background_background&quot;:&quot;classic&quot;}\">\n\t\t\t<div class=\"elementor-column-wrap elementor-element-populated\">\n\t\t\t\t\t\t\t<div class=\"elementor-widget-wrap\">\n\t\t\t\t\t\t<div class=\"elementor-element elementor-element-a25ca76 elementor-widget elementor-widget-audio\" data-id=\"a25ca76\" data-element_type=\"widget\" data-widget_type=\"audio.default\">\n\t\t\t\t<div class=\"elementor-widget-container\">\n\t\t\t\t\t\t<div class=\"elementor-soundcloud-wrapper\">\n\t\t\t\t<iframe loading=\"lazy\" width=\"1050\" height=\"400\" frameborder=\"no\" src=\"https:\/\/w.soundcloud.com\/player\/?visual=true&#038;url=https%3A%2F%2Fapi.soundcloud.com%2Ftracks%2F1153457623&#038;show_artwork=false&#038;maxheight=1000&#038;maxwidth=1050&#038;auto_play=false&#038;buying=false&#038;liking=true&#038;download=true&#038;sharing=true&#038;show_comments=true&#038;show_playcount=true&#038;show_user=true&#038;color\"><\/iframe>\t\t\t<\/div>\n\t\t\t\t\t<\/div>\n\t\t\t\t<\/div>\n\t\t\t\t<div class=\"elementor-element elementor-element-628eea6 eael-infobox-content-align-center elementor-widget elementor-widget-eael-info-box\" data-id=\"628eea6\" data-element_type=\"widget\" data-widget_type=\"eael-info-box.default\">\n\t\t\t\t<div class=\"elementor-widget-container\">\n\t\t\t        <a href=\"#\"  >            <div class=\"eael-infobox\">\n                    <div class=\"infobox-content\">\n                            <h4 class=\"title\">Eje Evaluaci\u00f3n. ENS Mar\u00eda Inmaculada de Caicedonia<\/h4>\n                                                                        <p><div id=\"i\" class=\"contenido-ocultar\">El p\u00f3dcast se desarrolla con la intervenci\u00f3n de la docente Marly L\u00f3pez Buitrago, que pertenece al equipo docente de la ENS Mar\u00eda Inmaculada de Caicedonia \u2013 Valle del Cauca. En este espacio se hacen una serie de preguntas referentes al Eje de Evaluaci\u00f3n. Para ello, la maestra da cuenta de la importancia del trabajo de Evaluaci\u00f3n en la Instituci\u00f3n, resaltando los resultados que pueden generar y el alcance que el eje suscita en el ejercicio educativo.<\/div><\/p>\n                                                                            <\/div>\n    <\/div><\/a>\t\t<\/div>\n\t\t\t\t<\/div>\n\t\t\t\t<div class=\"elementor-element elementor-element-c720680 elementor-align-center btn-cultar elementor-widget elementor-widget-button\" data-id=\"c720680\" data-element_type=\"widget\" data-widget_type=\"button.default\">\n\t\t\t\t<div class=\"elementor-widget-container\">\n\t\t\t\t\t<div class=\"elementor-button-wrapper\">\n\t\t\t<a href=\"#\" class=\"elementor-button-link elementor-button elementor-size-sm\" role=\"button\" id=\"nueve\">\n\t\t\t\t\t\t<span class=\"elementor-button-content-wrapper\">\n\t\t\t\t\t\t<span class=\"elementor-button-text\">Ver m\u00e1s<\/span>\n\t\t<\/span>\n\t\t\t\t\t<\/a>\n\t\t<\/div>\n\t\t\t\t<\/div>\n\t\t\t\t<\/div>\n\t\t\t\t<div class=\"elementor-element elementor-element-3f6fd33 elementor-widget elementor-widget-html\" data-id=\"3f6fd33\" data-element_type=\"widget\" data-widget_type=\"html.default\">\n\t\t\t\t<div class=\"elementor-widget-container\">\n\t\t\t<script>\r\nvar contenidos = document.querySelectorAll('.contenido-ocultar');\r\n\r\ncontenidos.forEach((contenido) => {\r\n\t\/\/ Get the button that opens the contenido\r\n\tvar btn = document.querySelector(`.btn-cultar#${contenido.id}`);\r\n\r\n\tbtn.querySelector(`a`).removeAttribute('href');\r\n\tconsole.log(btn);\r\n\r\n\t\/\/ When the user clicks the button, open the contenido\r\n\tbtn.onclick = function () {\r\n\t\tif (contenido.style.display == 'unset') {\r\n\t\t\tcontenido.style.display = 'none';\r\n\t\t} else {\r\n\t\t\tcontenido.style.display = 'unset';\r\n\t\t}\r\n\t\tconsole.log(contenido.style);\r\n\r\n\t\tconsole.log(btn);\r\n\t};\r\n});\r\n\r\n<\/script>\t\t<\/div>\n\t\t\t\t<\/div>\n\t\t\t\t\t\t<\/div>\n\t\t\t\t\t<\/div>\n\t\t<\/div>\n\t\t\t\t<div class=\"elementor-column elementor-col-25 elementor-inner-column elementor-element elementor-element-41000c2\" data-id=\"41000c2\" data-element_type=\"column\">\n\t\t\t<div class=\"elementor-column-wrap\">\n\t\t\t\t\t\t\t<div class=\"elementor-widget-wrap\">\n\t\t\t\t\t\t\t\t<\/div>\n\t\t\t\t\t<\/div>\n\t\t<\/div>\n\t\t\t\t\t\t\t\t<\/div>\n\t\t\t\t\t<\/div>\n\t\t<\/section>\n\t\t\t\t\t\t<\/div>\n\t\t\t\t\t<\/div>\n\t\t<\/div>\n\t\t\t\t\t\t\t\t<\/div>\n\t\t\t\t\t<\/div>\n\t\t<\/section>\n\t\t\t\t\t\t<\/div>\n\t\t\t\t\t\t<\/div>\n\t\t\t\t\t<\/div>\n\t\t","protected":false},"excerpt":{"rendered":"<p>Evaluaci\u00f3n Evaluaci\u00f3n ENS Distrital Mar\u00eda Montessori El Podcast inicia con una introducci\u00f3n sobre el Eje de Evaluaci\u00f3n, posteriormente se desarrolla con la intervenci\u00f3n de la docente Felisa Barreto Pinz\u00f3n perteneciente al equipo docente de la ENS Distrital Mar\u00eda Montessori, en este espacio se hacen una serie de preguntas referentes al Eje. La docente hace su [&hellip;]<\/p>\n","protected":false},"author":1,"featured_media":0,"parent":0,"menu_order":0,"comment_status":"closed","ping_status":"closed","template":"elementor_header_footer","meta":{"_bbp_topic_count":0,"_bbp_reply_count":0,"_bbp_total_topic_count":0,"_bbp_total_reply_count":0,"_bbp_voice_count":0,"_bbp_anonymous_reply_count":0,"_bbp_topic_count_hidden":0,"_bbp_reply_count_hidden":0,"_bbp_forum_subforum_count":0},"_links":{"self":[{"href":"https:\/\/ensrural.lasalle.edu.co\/memorias\/wp-json\/wp\/v2\/pages\/4837"}],"collection":[{"href":"https:\/\/ensrural.lasalle.edu.co\/memorias\/wp-json\/wp\/v2\/pages"}],"about":[{"href":"https:\/\/ensrural.lasalle.edu.co\/memorias\/wp-json\/wp\/v2\/types\/page"}],"author":[{"embeddable":true,"href":"https:\/\/ensrural.lasalle.edu.co\/memorias\/wp-json\/wp\/v2\/users\/1"}],"replies":[{"embeddable":true,"href":"https:\/\/ensrural.lasalle.edu.co\/memorias\/wp-json\/wp\/v2\/comments?post=4837"}],"version-history":[{"count":9,"href":"https:\/\/ensrural.lasalle.edu.co\/memorias\/wp-json\/wp\/v2\/pages\/4837\/revisions"}],"predecessor-version":[{"id":4965,"href":"https:\/\/ensrural.lasalle.edu.co\/memorias\/wp-json\/wp\/v2\/pages\/4837\/revisions\/4965"}],"wp:attachment":[{"href":"https:\/\/ensrural.lasalle.edu.co\/memorias\/wp-json\/wp\/v2\/media?parent=4837"}],"curies":[{"name":"wp","href":"https:\/\/api.w.org\/{rel}","templated":true}]}}