{"id":4847,"date":"2021-12-13T23:43:51","date_gmt":"2021-12-13T23:43:51","guid":{"rendered":"http:\/\/ensrural.lasalle.edu.co\/?page_id=4847"},"modified":"2021-12-18T15:54:48","modified_gmt":"2021-12-18T15:54:48","slug":"extension","status":"publish","type":"page","link":"https:\/\/ensrural.lasalle.edu.co\/memorias\/extension\/","title":{"rendered":"Extensi\u00f3n"},"content":{"rendered":"\t\t<div data-elementor-type=\"wp-page\" data-elementor-id=\"4847\" class=\"elementor elementor-4847\" data-elementor-settings=\"[]\">\n\t\t\t\t\t\t<div class=\"elementor-inner\">\n\t\t\t\t\t\t\t<div class=\"elementor-section-wrap\">\n\t\t\t\t\t\t\t<section class=\"elementor-section elementor-top-section elementor-element elementor-element-5e293354 elementor-section-full_width animated-slow elementor-section-height-default elementor-section-height-default elementor-invisible\" data-id=\"5e293354\" data-element_type=\"section\" data-settings=\"{&quot;background_background&quot;:&quot;classic&quot;,&quot;animation&quot;:&quot;fadeInRight&quot;}\">\n\t\t\t\t\t\t\t<div class=\"elementor-background-overlay\"><\/div>\n\t\t\t\t\t\t\t<div class=\"elementor-container elementor-column-gap-default\">\n\t\t\t\t\t\t\t<div class=\"elementor-row\">\n\t\t\t\t\t<div class=\"elementor-column elementor-col-100 elementor-top-column elementor-element elementor-element-6385750e\" data-id=\"6385750e\" data-element_type=\"column\" data-settings=\"{&quot;background_background&quot;:&quot;classic&quot;}\">\n\t\t\t<div class=\"elementor-column-wrap elementor-element-populated\">\n\t\t\t\t\t\t\t<div class=\"elementor-widget-wrap\">\n\t\t\t\t\t\t<section class=\"elementor-section elementor-inner-section elementor-element elementor-element-2649384d elementor-section-height-min-height elementor-section-content-top elementor-section-boxed elementor-section-height-default\" data-id=\"2649384d\" data-element_type=\"section\">\n\t\t\t\t\t\t<div class=\"elementor-container elementor-column-gap-no\">\n\t\t\t\t\t\t\t<div class=\"elementor-row\">\n\t\t\t\t\t<div class=\"elementor-column elementor-col-50 elementor-inner-column elementor-element elementor-element-7882f9a elementor-invisible\" data-id=\"7882f9a\" data-element_type=\"column\" data-settings=\"{&quot;background_background&quot;:&quot;classic&quot;,&quot;motion_fx_motion_fx_scrolling&quot;:&quot;yes&quot;,&quot;animation&quot;:&quot;fadeIn&quot;,&quot;motion_fx_devices&quot;:[&quot;desktop&quot;,&quot;tablet&quot;,&quot;mobile&quot;]}\">\n\t\t\t<div class=\"elementor-column-wrap elementor-element-populated\">\n\t\t\t\t\t<div class=\"elementor-background-overlay\"><\/div>\n\t\t\t\t\t\t\t<div class=\"elementor-widget-wrap\">\n\t\t\t\t\t\t<div class=\"elementor-element elementor-element-446b4dc8 animated-slow elementor-invisible elementor-widget elementor-widget-heading\" data-id=\"446b4dc8\" data-element_type=\"widget\" data-settings=\"{&quot;_animation&quot;:&quot;fadeInLeft&quot;,&quot;_animation_delay&quot;:800}\" data-widget_type=\"heading.default\">\n\t\t\t\t<div class=\"elementor-widget-container\">\n\t\t\t<h1 class=\"elementor-heading-title elementor-size-default\">Extensi\u00f3n<\/h1>\t\t<\/div>\n\t\t\t\t<\/div>\n\t\t\t\t\t\t<\/div>\n\t\t\t\t\t<\/div>\n\t\t<\/div>\n\t\t\t\t<div class=\"elementor-column elementor-col-50 elementor-inner-column elementor-element elementor-element-557b753c\" data-id=\"557b753c\" data-element_type=\"column\" data-settings=\"{&quot;background_background&quot;:&quot;classic&quot;,&quot;motion_fx_motion_fx_mouse&quot;:&quot;yes&quot;}\">\n\t\t\t<div class=\"elementor-column-wrap elementor-element-populated\">\n\t\t\t\t\t<div class=\"elementor-background-overlay\"><\/div>\n\t\t\t\t\t\t\t<div class=\"elementor-widget-wrap\">\n\t\t\t\t\t\t<div class=\"elementor-element elementor-element-7e128eac elementor-widget elementor-widget-spacer\" data-id=\"7e128eac\" data-element_type=\"widget\" data-widget_type=\"spacer.default\">\n\t\t\t\t<div class=\"elementor-widget-container\">\n\t\t\t\t\t<div class=\"elementor-spacer\">\n\t\t\t<div class=\"elementor-spacer-inner\"><\/div>\n\t\t<\/div>\n\t\t\t\t<\/div>\n\t\t\t\t<\/div>\n\t\t\t\t<div class=\"elementor-element elementor-element-1ab57d74 elementor-widget elementor-widget-text-editor\" data-id=\"1ab57d74\" data-element_type=\"widget\" data-widget_type=\"text-editor.default\">\n\t\t\t\t<div class=\"elementor-widget-container\">\n\t\t\t\t\t\t\t\t<div class=\"elementor-text-editor elementor-clearfix\">\n\t\t\t\t\t\t\t\t\t<\/div>\n\t\t\t\t\t\t<\/div>\n\t\t\t\t<\/div>\n\t\t\t\t\t\t<\/div>\n\t\t\t\t\t<\/div>\n\t\t<\/div>\n\t\t\t\t\t\t\t\t<\/div>\n\t\t\t\t\t<\/div>\n\t\t<\/section>\n\t\t\t\t\t\t<\/div>\n\t\t\t\t\t<\/div>\n\t\t<\/div>\n\t\t\t\t\t\t\t\t<\/div>\n\t\t\t\t\t<\/div>\n\t\t<\/section>\n\t\t\t\t<section class=\"elementor-section elementor-top-section elementor-element elementor-element-16fc7026 elementor-section-stretched elementor-section-boxed elementor-section-height-default elementor-section-height-default\" data-id=\"16fc7026\" data-element_type=\"section\" data-settings=\"{&quot;stretch_section&quot;:&quot;section-stretched&quot;}\">\n\t\t\t\t\t\t<div class=\"elementor-container elementor-column-gap-default\">\n\t\t\t\t\t\t\t<div class=\"elementor-row\">\n\t\t\t\t\t<div class=\"elementor-column elementor-col-100 elementor-top-column elementor-element elementor-element-619adda\" data-id=\"619adda\" data-element_type=\"column\">\n\t\t\t<div class=\"elementor-column-wrap elementor-element-populated\">\n\t\t\t\t\t\t\t<div class=\"elementor-widget-wrap\">\n\t\t\t\t\t\t<section class=\"elementor-section elementor-inner-section elementor-element elementor-element-558dd2d1 elementor-section-full_width elementor-section-height-default elementor-section-height-default\" data-id=\"558dd2d1\" data-element_type=\"section\">\n\t\t\t\t\t\t<div class=\"elementor-container elementor-column-gap-no\">\n\t\t\t\t\t\t\t<div class=\"elementor-row\">\n\t\t\t\t\t<div class=\"elementor-column elementor-col-25 elementor-inner-column elementor-element elementor-element-d6d3420\" data-id=\"d6d3420\" data-element_type=\"column\">\n\t\t\t<div class=\"elementor-column-wrap\">\n\t\t\t\t\t\t\t<div class=\"elementor-widget-wrap\">\n\t\t\t\t\t\t\t\t<\/div>\n\t\t\t\t\t<\/div>\n\t\t<\/div>\n\t\t\t\t<div class=\"elementor-column elementor-col-25 elementor-inner-column elementor-element elementor-element-4abbb742 elementor-invisible\" data-id=\"4abbb742\" data-element_type=\"column\" data-settings=\"{&quot;animation&quot;:&quot;fadeInRight&quot;,&quot;background_background&quot;:&quot;classic&quot;}\">\n\t\t\t<div class=\"elementor-column-wrap elementor-element-populated\">\n\t\t\t\t\t\t\t<div class=\"elementor-widget-wrap\">\n\t\t\t\t\t\t<div class=\"elementor-element elementor-element-41953c3f elementor-widget elementor-widget-audio\" data-id=\"41953c3f\" data-element_type=\"widget\" data-widget_type=\"audio.default\">\n\t\t\t\t<div class=\"elementor-widget-container\">\n\t\t\t\t\t\t<div class=\"elementor-soundcloud-wrapper\">\n\t\t\t\t<iframe loading=\"lazy\" width=\"1050\" height=\"400\" frameborder=\"no\" src=\"https:\/\/w.soundcloud.com\/player\/?visual=true&#038;url=https%3A%2F%2Fapi.soundcloud.com%2Ftracks%2F1153470448&#038;show_artwork=false&#038;maxheight=1000&#038;maxwidth=1050&#038;auto_play=false&#038;buying=false&#038;liking=true&#038;download=true&#038;sharing=true&#038;show_comments=true&#038;show_playcount=true&#038;show_user=true&#038;color\"><\/iframe>\t\t\t<\/div>\n\t\t\t\t\t<\/div>\n\t\t\t\t<\/div>\n\t\t\t\t<div class=\"elementor-element elementor-element-75c8d49e eael-infobox-content-align-center elementor-widget elementor-widget-eael-info-box\" data-id=\"75c8d49e\" data-element_type=\"widget\" id=\"c\" data-widget_type=\"eael-info-box.default\">\n\t\t\t\t<div class=\"elementor-widget-container\">\n\t\t\t        <a href=\"#\"  >            <div class=\"eael-infobox\">\n                    <div class=\"infobox-content\">\n                            <h4 class=\"title\">Extensi\u00f3n ENS Mar\u00eda Auxiliadora de Villa Pinz\u00f3n<\/h4>\n                                                                        <p><div id=\"c\" class=\"contenido-ocultar\">El Podcast inicia con una introducci\u00f3n sobre el Eje de Extensi\u00f3n, posteriormente se desarrolla con la intervenci\u00f3n de la docente Marcela Mondrag\u00f3n perteneciente al equipo docente de la ENS Mar\u00eda Auxiliadora de Villa Pinz\u00f3n, en este espacio se hacen una serie de preguntas referentes al Eje. La maestra hace \u00e9nfasis en el trabajo desarrollado en la Instituci\u00f3n sobre la articulaci\u00f3n entre la extensi\u00f3n, investigaci\u00f3n y la docencia, resaltando el alcance que c\u00f3mo Escuela Normal han logrado a la fecha, de igual manera resalta el trabajo en el contexto y las alianzas que se gestan a trav\u00e9s de convenios con algunas entidades de la regi\u00f3n.<\/div><\/p>\n                                                                            <\/div>\n    <\/div><\/a>\t\t<\/div>\n\t\t\t\t<\/div>\n\t\t\t\t<div class=\"elementor-element elementor-element-38b51448 elementor-widget elementor-widget-html\" data-id=\"38b51448\" data-element_type=\"widget\" data-widget_type=\"html.default\">\n\t\t\t\t<div class=\"elementor-widget-container\">\n\t\t\t<script>\r\nvar contenidos = document.querySelectorAll('.contenido-ocultar');\r\n\r\ncontenidos.forEach((contenido) => {\r\n\t\/\/ Get the button that opens the contenido\r\n\tvar btn = document.querySelector(`.btn-cultar#${contenido.id}`);\r\n\r\n\tbtn.querySelector(`a`).removeAttribute('href');\r\n\tconsole.log(btn);\r\n\r\n\t\/\/ When the user clicks the button, open the contenido\r\n\tbtn.onclick = function () {\r\n\t\tif (contenido.style.display == 'unset') {\r\n\t\t\tcontenido.style.display = 'none';\r\n\t\t} else {\r\n\t\t\tcontenido.style.display = 'unset';\r\n\t\t}\r\n\t\tconsole.log(contenido.style);\r\n\r\n\t\tconsole.log(btn);\r\n\t};\r\n});\r\n\r\n<\/script>\t\t<\/div>\n\t\t\t\t<\/div>\n\t\t\t\t<div class=\"elementor-element elementor-element-20a86875 elementor-align-center btn-cultar elementor-widget elementor-widget-button\" data-id=\"20a86875\" data-element_type=\"widget\" id=\"c\" data-widget_type=\"button.default\">\n\t\t\t\t<div class=\"elementor-widget-container\">\n\t\t\t\t\t<div class=\"elementor-button-wrapper\">\n\t\t\t<a href=\"#\" class=\"elementor-button-link elementor-button elementor-size-sm\" role=\"button\" id=\"nueve\">\n\t\t\t\t\t\t<span class=\"elementor-button-content-wrapper\">\n\t\t\t\t\t\t<span class=\"elementor-button-text\">Ver m\u00e1s<\/span>\n\t\t<\/span>\n\t\t\t\t\t<\/a>\n\t\t<\/div>\n\t\t\t\t<\/div>\n\t\t\t\t<\/div>\n\t\t\t\t\t\t<\/div>\n\t\t\t\t\t<\/div>\n\t\t<\/div>\n\t\t\t\t<div class=\"elementor-column elementor-col-25 elementor-inner-column elementor-element elementor-element-416aa89 elementor-invisible\" data-id=\"416aa89\" data-element_type=\"column\" data-settings=\"{&quot;animation&quot;:&quot;fadeInRight&quot;,&quot;background_background&quot;:&quot;classic&quot;}\">\n\t\t\t<div class=\"elementor-column-wrap elementor-element-populated\">\n\t\t\t\t\t\t\t<div class=\"elementor-widget-wrap\">\n\t\t\t\t\t\t<div class=\"elementor-element elementor-element-1423608 elementor-widget elementor-widget-audio\" data-id=\"1423608\" data-element_type=\"widget\" data-widget_type=\"audio.default\">\n\t\t\t\t<div class=\"elementor-widget-container\">\n\t\t\t\t\t\t<div class=\"elementor-soundcloud-wrapper\">\n\t\t\t\t<iframe loading=\"lazy\" width=\"1050\" height=\"400\" frameborder=\"no\" src=\"https:\/\/w.soundcloud.com\/player\/?visual=true&#038;url=https%3A%2F%2Fapi.soundcloud.com%2Ftracks%2F1153459870&#038;show_artwork=false&#038;maxheight=1000&#038;maxwidth=1050&#038;auto_play=false&#038;buying=false&#038;liking=true&#038;download=true&#038;sharing=true&#038;show_comments=true&#038;show_playcount=true&#038;show_user=true&#038;color\"><\/iframe>\t\t\t<\/div>\n\t\t\t\t\t<\/div>\n\t\t\t\t<\/div>\n\t\t\t\t<div class=\"elementor-element elementor-element-c1c18b2 eael-infobox-content-align-center elementor-widget elementor-widget-eael-info-box\" data-id=\"c1c18b2\" data-element_type=\"widget\" data-widget_type=\"eael-info-box.default\">\n\t\t\t\t<div class=\"elementor-widget-container\">\n\t\t\t        <a href=\"#\"  >            <div class=\"eael-infobox\">\n                    <div class=\"infobox-content\">\n                            <h4 class=\"title\">Extensi\u00f3n ENS Mar\u00eda Auxiliadora de Copacabana<\/h4>\n                                                                        <p><div id=\"h\" class=\"contenido-ocultar\">El Podcast se desarrolla con la intervenci\u00f3n, de dos maestras de la ENS Mar\u00eda Auxiliadora de Copacabana, la profesora Diana del Pilar Aguirre G\u00f3mez, y la profesora Alba Roc\u00edo Machuca Rueda. Este espacio se hace una serie de preguntas referentes al Eje de Extensi\u00f3n. La profesora Diana del Pilar describe la relaci\u00f3n del trabajo entre la extensi\u00f3n y la investigaci\u00f3n, resaltando el trabajo desarrollado en la Instituci\u00f3n y el aporte a la comunidad, as\u00ed mismo la profesora Alba Roc\u00edo hace menci\u00f3n sobre el trabajo de proyecci\u00f3n social que se desarrolla en la ENS.<\/div><\/p>\n                                                                            <\/div>\n    <\/div><\/a>\t\t<\/div>\n\t\t\t\t<\/div>\n\t\t\t\t<div class=\"elementor-element elementor-element-61e2e76 elementor-align-center btn-cultar elementor-widget elementor-widget-button\" data-id=\"61e2e76\" data-element_type=\"widget\" data-widget_type=\"button.default\">\n\t\t\t\t<div class=\"elementor-widget-container\">\n\t\t\t\t\t<div class=\"elementor-button-wrapper\">\n\t\t\t<a href=\"#\" class=\"elementor-button-link elementor-button elementor-size-sm\" role=\"button\" id=\"nueve\">\n\t\t\t\t\t\t<span class=\"elementor-button-content-wrapper\">\n\t\t\t\t\t\t<span class=\"elementor-button-text\">Ver m\u00e1s<\/span>\n\t\t<\/span>\n\t\t\t\t\t<\/a>\n\t\t<\/div>\n\t\t\t\t<\/div>\n\t\t\t\t<\/div>\n\t\t\t\t<div class=\"elementor-element elementor-element-21d5fd0 elementor-widget elementor-widget-html\" data-id=\"21d5fd0\" data-element_type=\"widget\" data-widget_type=\"html.default\">\n\t\t\t\t<div class=\"elementor-widget-container\">\n\t\t\t<script>\r\nvar contenidos = document.querySelectorAll('.contenido-ocultar');\r\n\r\ncontenidos.forEach((contenido) => {\r\n\t\/\/ Get the button that opens the contenido\r\n\tvar btn = document.querySelector(`.btn-cultar#${contenido.id}`);\r\n\r\n\tbtn.querySelector(`a`).removeAttribute('href');\r\n\tconsole.log(btn);\r\n\r\n\t\/\/ When the user clicks the button, open the contenido\r\n\tbtn.onclick = function () {\r\n\t\tif (contenido.style.display == 'unset') {\r\n\t\t\tcontenido.style.display = 'none';\r\n\t\t} else {\r\n\t\t\tcontenido.style.display = 'unset';\r\n\t\t}\r\n\t\tconsole.log(contenido.style);\r\n\r\n\t\tconsole.log(btn);\r\n\t};\r\n});\r\n\r\n<\/script>\t\t<\/div>\n\t\t\t\t<\/div>\n\t\t\t\t\t\t<\/div>\n\t\t\t\t\t<\/div>\n\t\t<\/div>\n\t\t\t\t<div class=\"elementor-column elementor-col-25 elementor-inner-column elementor-element elementor-element-1948e7c\" data-id=\"1948e7c\" data-element_type=\"column\">\n\t\t\t<div class=\"elementor-column-wrap\">\n\t\t\t\t\t\t\t<div class=\"elementor-widget-wrap\">\n\t\t\t\t\t\t\t\t<\/div>\n\t\t\t\t\t<\/div>\n\t\t<\/div>\n\t\t\t\t\t\t\t\t<\/div>\n\t\t\t\t\t<\/div>\n\t\t<\/section>\n\t\t\t\t\t\t<\/div>\n\t\t\t\t\t<\/div>\n\t\t<\/div>\n\t\t\t\t\t\t\t\t<\/div>\n\t\t\t\t\t<\/div>\n\t\t<\/section>\n\t\t\t\t\t\t<\/div>\n\t\t\t\t\t\t<\/div>\n\t\t\t\t\t<\/div>\n\t\t","protected":false},"excerpt":{"rendered":"<p>Extensi\u00f3n Extensi\u00f3n ENS Mar\u00eda Auxiliadora de Villa Pinz\u00f3n El Podcast inicia con una introducci\u00f3n sobre el Eje de Extensi\u00f3n, posteriormente se desarrolla con la intervenci\u00f3n de la docente Marcela Mondrag\u00f3n perteneciente al equipo docente de la ENS Mar\u00eda Auxiliadora de Villa Pinz\u00f3n, en este espacio se hacen una serie de preguntas referentes al Eje. La [&hellip;]<\/p>\n","protected":false},"author":1,"featured_media":0,"parent":0,"menu_order":0,"comment_status":"closed","ping_status":"closed","template":"elementor_header_footer","meta":{"_bbp_topic_count":0,"_bbp_reply_count":0,"_bbp_total_topic_count":0,"_bbp_total_reply_count":0,"_bbp_voice_count":0,"_bbp_anonymous_reply_count":0,"_bbp_topic_count_hidden":0,"_bbp_reply_count_hidden":0,"_bbp_forum_subforum_count":0},"_links":{"self":[{"href":"https:\/\/ensrural.lasalle.edu.co\/memorias\/wp-json\/wp\/v2\/pages\/4847"}],"collection":[{"href":"https:\/\/ensrural.lasalle.edu.co\/memorias\/wp-json\/wp\/v2\/pages"}],"about":[{"href":"https:\/\/ensrural.lasalle.edu.co\/memorias\/wp-json\/wp\/v2\/types\/page"}],"author":[{"embeddable":true,"href":"https:\/\/ensrural.lasalle.edu.co\/memorias\/wp-json\/wp\/v2\/users\/1"}],"replies":[{"embeddable":true,"href":"https:\/\/ensrural.lasalle.edu.co\/memorias\/wp-json\/wp\/v2\/comments?post=4847"}],"version-history":[{"count":9,"href":"https:\/\/ensrural.lasalle.edu.co\/memorias\/wp-json\/wp\/v2\/pages\/4847\/revisions"}],"predecessor-version":[{"id":4962,"href":"https:\/\/ensrural.lasalle.edu.co\/memorias\/wp-json\/wp\/v2\/pages\/4847\/revisions\/4962"}],"wp:attachment":[{"href":"https:\/\/ensrural.lasalle.edu.co\/memorias\/wp-json\/wp\/v2\/media?parent=4847"}],"curies":[{"name":"wp","href":"https:\/\/api.w.org\/{rel}","templated":true}]}}